{"id":132,"date":"2020-10-08T23:14:23","date_gmt":"2020-10-08T21:14:23","guid":{"rendered":"http:\/\/podo-beauregard.com\/?page_id=132"},"modified":"2024-06-12T18:04:06","modified_gmt":"2024-06-12T16:04:06","slug":"qui-sommes-nous","status":"publish","type":"page","link":"https:\/\/podo-beauregard.com\/index.php\/qui-sommes-nous\/","title":{"rendered":"Qui sommes nous ?"},"content":{"rendered":"<p>[et_pb_section fb_built=\u00a0\u00bb1&Prime; module_id=\u00a0\u00bbpropos\u00a0\u00bb _builder_version=\u00a0\u00bb4.3.1&Prime; custom_margin=\u00a0\u00bb-4px|||||\u00a0\u00bb custom_padding=\u00a0\u00bb20px|||||\u00a0\u00bb][et_pb_row _builder_version=\u00a0\u00bb4.3.1&Prime;][et_pb_column type=\u00a0\u00bb4_4&Prime; _builder_version=\u00a0\u00bb4.3.1&Prime;][et_pb_text _builder_version=\u00a0\u00bb4.3.1&Prime;]<\/p>\n<h2 style=\"text-align: center;\"><span style=\"color: #172c49;\">\u2022 Qui sommes-nous ? \u2022<\/span><\/h2>\n<p>[\/et_pb_text][\/et_pb_column][\/et_pb_row][et_pb_row _builder_version=\u00a0\u00bb4.3.1&Prime; custom_padding=\u00a0\u00bb2px||5px|||\u00a0\u00bb][et_pb_column type=\u00a0\u00bb4_4&Prime; _builder_version=\u00a0\u00bb4.3.1&Prime;][et_pb_text _builder_version=\u00a0\u00bb4.3.1&Prime; custom_margin=\u00a0\u00bb13px|||||\u00a0\u00bb]<\/p>\n<p style=\"text-align: center;\"><span>L\u2019\u00e9quipe est compos\u00e9e de :<\/span><\/p>\n<p>[\/et_pb_text][\/et_pb_column][\/et_pb_row][et_pb_row column_structure=\u00a0\u00bb1_3,1_3,1_3&Prime; _builder_version=\u00a0\u00bb4.3.1&Prime;][et_pb_column type=\u00a0\u00bb1_3&Prime; _builder_version=\u00a0\u00bb4.3.1&Prime;][et_pb_image src=\u00a0\u00bbhttps:\/\/podo-beauregard.com\/wp-content\/uploads\/2020\/10\/xavier1.jpg\u00a0\u00bb _builder_version=\u00a0\u00bb4.3.1&Prime;][\/et_pb_image][et_pb_text _builder_version=\u00a0\u00bb4.3.1&Prime; custom_margin=\u00a0\u00bb42px|||||\u00a0\u00bb custom_padding=\u00a0\u00bb|||11px|false|false\u00a0\u00bb border_color_right=\u00a0\u00bb#f3d20b\u00a0\u00bb border_width_left=\u00a0\u00bb4px\u00a0\u00bb border_color_left=\u00a0\u00bb#f3d20b\u00a0\u00bb]<\/p>\n<h4><strong>Xavier ROUYER<\/strong><\/h4>\n<p><span style=\"font-size: 14px; text-align: right;\">&#8211; Dipl\u00f4m\u00e9 en Podo-Orth\u00e8se de l\u2019Ecole d\u2019Alembert \u00e0 Paris en 1999\u00a0<\/span><\/p>\n<p>\u00a0<span style=\"font-size: 14px; text-align: right;\">&#8211;\u00a0 DU Prise en charge du pied diab\u00e9tique &#8211;\u00a0<\/span>Universit\u00e9 de Strasbourg<o:p><\/o:p><\/p>\n<p>[\/et_pb_text][\/et_pb_column][et_pb_column type=\u00a0\u00bb1_3&Prime; _builder_version=\u00a0\u00bb4.3.1&Prime;][et_pb_image src=\u00a0\u00bbhttps:\/\/podo-beauregard.com\/wp-content\/uploads\/2020\/10\/steph1.jpg\u00a0\u00bb _builder_version=\u00a0\u00bb4.3.1&Prime; custom_padding=\u00a0\u00bb|26px||||\u00a0\u00bb][\/et_pb_image][et_pb_text _builder_version=\u00a0\u00bb4.3.1&Prime; custom_margin=\u00a0\u00bb42px|||||\u00a0\u00bb custom_padding=\u00a0\u00bb|||11px|false|false\u00a0\u00bb border_width_left=\u00a0\u00bb4px\u00a0\u00bb border_color_left=\u00a0\u00bb#f3d20b\u00a0\u00bb]<\/p>\n<h4 style=\"text-align: left;\"><strong>St\u00e9phanie LEONARDI<\/strong><\/h4>\n<p><span>&#8211; Dipl\u00f4m\u00e9e en Podo-Orth\u00e8se de l\u2019ISTM de Valence en 2008<\/span><\/p>\n<p><span>&#8211; DU Prise en charge du pied diab\u00e9tique &#8211;\u00a0<\/span>Universit\u00e9 de Strasbourg<o:p><\/o:p><\/p>\n<p>&#8211; DU Podologie, Biom\u00e9canique et Sport en 2021, INP &#8211; ILEPS Paris<\/p>\n<p>[\/et_pb_text][\/et_pb_column][et_pb_column type=\u00a0\u00bb1_3&Prime; _builder_version=\u00a0\u00bb4.3.1&Prime;][et_pb_image src=\u00a0\u00bbhttps:\/\/podo-beauregard.com\/wp-content\/uploads\/2024\/06\/camille-1.jpg\u00a0\u00bb _builder_version=\u00a0\u00bb4.3.1&Prime; custom_padding=\u00a0\u00bb|26px||||\u00a0\u00bb hover_enabled=\u00a0\u00bb0&Prime;][\/et_pb_image][et_pb_text _builder_version=\u00a0\u00bb4.3.1&Prime; custom_margin=\u00a0\u00bb42px|||||\u00a0\u00bb custom_padding=\u00a0\u00bb|||11px|false|false\u00a0\u00bb border_width_left=\u00a0\u00bb4px\u00a0\u00bb border_color_left=\u00a0\u00bb#f3d20b\u00a0\u00bb]<\/p>\n<h4><strong>Camille POIROT<\/strong><\/h4>\n<p><span>-Dipl\u00f4m\u00e9e en Podo-Orth\u00e8se de l\u2019ISTM de Valence en 2023.<\/span><\/p>\n<p>&nbsp;<\/p>\n<p>[\/et_pb_text][\/et_pb_column][\/et_pb_row][et_pb_row _builder_version=\u00a0\u00bb4.3.1&Prime; custom_padding=\u00a0\u00bb4px|||||\u00a0\u00bb][et_pb_column type=\u00a0\u00bb4_4&Prime; _builder_version=\u00a0\u00bb4.3.1&Prime;][et_pb_text _builder_version=\u00a0\u00bb4.3.1&Prime;]<\/p>\n<h6 style=\"text-align: center;\">Accueil et secr\u00e9tariat : <strong>Christine Rozot<\/strong><\/h6>\n<p>[\/et_pb_text][\/et_pb_column][\/et_pb_row][\/et_pb_section]<\/p>\n","protected":false},"excerpt":{"rendered":"<p>[et_pb_section fb_built=\u00a0\u00bb1&Prime; module_id=\u00a0\u00bbpropos\u00a0\u00bb _builder_version=\u00a0\u00bb4.3.1&Prime; custom_margin=\u00a0\u00bb-4px|||||\u00a0\u00bb custom_padding=\u00a0\u00bb20px|||||\u00a0\u00bb][et_pb_row _builder_version=\u00a0\u00bb4.3.1&Prime;][et_pb_column type=\u00a0\u00bb4_4&Prime; _builder_version=\u00a0\u00bb4.3.1&Prime;][et_pb_text _builder_version=\u00a0\u00bb4.3.1&Prime;] \u2022 Qui sommes-nous ? \u2022 [\/et_pb_text][\/et_pb_column][\/et_pb_row][et_pb_row _builder_version=\u00a0\u00bb4.3.1&Prime; custom_padding=\u00a0\u00bb2px||5px|||\u00a0\u00bb][et_pb_column type=\u00a0\u00bb4_4&Prime; _builder_version=\u00a0\u00bb4.3.1&Prime;][et_pb_text _builder_version=\u00a0\u00bb4.3.1&Prime; custom_margin=\u00a0\u00bb13px|||||\u00a0\u00bb] L\u2019\u00e9quipe est compos\u00e9e de : [\/et_pb_text][\/et_pb_column][\/et_pb_row][et_pb_row column_structure=\u00a0\u00bb1_3,1_3,1_3&Prime; _builder_version=\u00a0\u00bb4.3.1&Prime;][et_pb_column type=\u00a0\u00bb1_3&Prime; _builder_version=\u00a0\u00bb4.3.1&Prime;][et_pb_image src=\u00a0\u00bbhttps:\/\/podo-beauregard.com\/wp-content\/uploads\/2020\/10\/xavier1.jpg\u00a0\u00bb _builder_version=\u00a0\u00bb4.3.1&Prime;][\/et_pb_image][et_pb_text _builder_version=\u00a0\u00bb4.3.1&Prime; custom_margin=\u00a0\u00bb42px|||||\u00a0\u00bb custom_padding=\u00a0\u00bb|||11px|false|false\u00a0\u00bb border_color_right=\u00a0\u00bb#f3d20b\u00a0\u00bb border_width_left=\u00a0\u00bb4px\u00a0\u00bb border_color_left=\u00a0\u00bb#f3d20b\u00a0\u00bb] Xavier ROUYER &#8211; Dipl\u00f4m\u00e9 en Podo-Orth\u00e8se de l\u2019Ecole d\u2019Alembert \u00e0 Paris en 1999\u00a0 \u00a0&#8211;\u00a0 DU [&hellip;]<\/p>\n","protected":false},"author":1,"featured_media":0,"parent":0,"menu_order":0,"comment_status":"closed","ping_status":"closed","template":"","meta":{"_et_pb_use_builder":"on","_et_pb_old_content":"","_et_gb_content_width":"","footnotes":""},"class_list":["post-132","page","type-page","status-publish","hentry"],"yoast_head":"<!-- This site is optimized with the Yoast SEO plugin v22.8 - https:\/\/yoast.com\/wordpress\/plugins\/seo\/ -->\n<title>Qui sommes nous ? - Cabinet de podo orthesie Beauregard<\/title>\n<meta name=\"robots\" content=\"index, follow, max-snippet:-1, max-image-preview:large, max-video-preview:-1\" \/>\n<link rel=\"canonical\" href=\"https:\/\/podo-beauregard.com\/index.php\/qui-sommes-nous\/\" \/>\n<meta property=\"og:locale\" content=\"fr_FR\" \/>\n<meta property=\"og:type\" content=\"article\" \/>\n<meta property=\"og:title\" content=\"Qui sommes nous ? - Cabinet de podo orthesie Beauregard\" \/>\n<meta property=\"og:description\" content=\"[et_pb_section fb_built=\u00a0\u00bb1&Prime; module_id=\u00a0\u00bbpropos\u00a0\u00bb _builder_version=\u00a0\u00bb4.3.1&Prime; custom_margin=\u00a0\u00bb-4px|||||\u00a0\u00bb custom_padding=\u00a0\u00bb20px|||||\u00a0\u00bb][et_pb_row _builder_version=\u00a0\u00bb4.3.1&Prime;][et_pb_column type=\u00a0\u00bb4_4&Prime; _builder_version=\u00a0\u00bb4.3.1&Prime;][et_pb_text _builder_version=\u00a0\u00bb4.3.1&Prime;] \u2022 Qui sommes-nous ? \u2022 [\/et_pb_text][\/et_pb_column][\/et_pb_row][et_pb_row _builder_version=\u00a0\u00bb4.3.1&Prime; custom_padding=\u00a0\u00bb2px||5px|||\u00a0\u00bb][et_pb_column type=\u00a0\u00bb4_4&Prime; _builder_version=\u00a0\u00bb4.3.1&Prime;][et_pb_text _builder_version=\u00a0\u00bb4.3.1&Prime; custom_margin=\u00a0\u00bb13px|||||\u00a0\u00bb] L\u2019\u00e9quipe est compos\u00e9e de : [\/et_pb_text][\/et_pb_column][\/et_pb_row][et_pb_row column_structure=\u00a0\u00bb1_3,1_3,1_3&Prime; _builder_version=\u00a0\u00bb4.3.1&Prime;][et_pb_column type=\u00a0\u00bb1_3&Prime; _builder_version=\u00a0\u00bb4.3.1&Prime;][et_pb_image src=\u00a0\u00bbhttps:\/\/podo-beauregard.com\/wp-content\/uploads\/2020\/10\/xavier1.jpg\u00a0\u00bb _builder_version=\u00a0\u00bb4.3.1&Prime;][\/et_pb_image][et_pb_text _builder_version=\u00a0\u00bb4.3.1&Prime; custom_margin=\u00a0\u00bb42px|||||\u00a0\u00bb custom_padding=\u00a0\u00bb|||11px|false|false\u00a0\u00bb border_color_right=\u00a0\u00bb#f3d20b\u00a0\u00bb border_width_left=\u00a0\u00bb4px\u00a0\u00bb border_color_left=\u00a0\u00bb#f3d20b\u00a0\u00bb] Xavier ROUYER &#8211; Dipl\u00f4m\u00e9 en Podo-Orth\u00e8se de l\u2019Ecole d\u2019Alembert \u00e0 Paris en 1999\u00a0 \u00a0&#8211;\u00a0 DU [&hellip;]\" \/>\n<meta property=\"og:url\" content=\"https:\/\/podo-beauregard.com\/index.php\/qui-sommes-nous\/\" \/>\n<meta property=\"og:site_name\" content=\"Cabinet de podo orthesie Beauregard\" \/>\n<meta property=\"article:modified_time\" content=\"2024-06-12T16:04:06+00:00\" \/>\n<meta name=\"twitter:card\" content=\"summary_large_image\" \/>\n<meta name=\"twitter:label1\" content=\"Dur\u00e9e de lecture estim\u00e9e\" \/>\n\t<meta name=\"twitter:data1\" content=\"2 minutes\" \/>\n<script type=\"application\/ld+json\" class=\"yoast-schema-graph\">{\"@context\":\"https:\/\/schema.org\",\"@graph\":[{\"@type\":\"WebPage\",\"@id\":\"https:\/\/podo-beauregard.com\/index.php\/qui-sommes-nous\/\",\"url\":\"https:\/\/podo-beauregard.com\/index.php\/qui-sommes-nous\/\",\"name\":\"Qui sommes nous ? - Cabinet de podo orthesie Beauregard\",\"isPartOf\":{\"@id\":\"https:\/\/podo-beauregard.com\/#website\"},\"datePublished\":\"2020-10-08T21:14:23+00:00\",\"dateModified\":\"2024-06-12T16:04:06+00:00\",\"breadcrumb\":{\"@id\":\"https:\/\/podo-beauregard.com\/index.php\/qui-sommes-nous\/#breadcrumb\"},\"inLanguage\":\"fr-FR\",\"potentialAction\":[{\"@type\":\"ReadAction\",\"target\":[\"https:\/\/podo-beauregard.com\/index.php\/qui-sommes-nous\/\"]}]},{\"@type\":\"BreadcrumbList\",\"@id\":\"https:\/\/podo-beauregard.com\/index.php\/qui-sommes-nous\/#breadcrumb\",\"itemListElement\":[{\"@type\":\"ListItem\",\"position\":1,\"name\":\"Accueil\",\"item\":\"https:\/\/podo-beauregard.com\/\"},{\"@type\":\"ListItem\",\"position\":2,\"name\":\"Qui sommes nous ?\"}]},{\"@type\":\"WebSite\",\"@id\":\"https:\/\/podo-beauregard.com\/#website\",\"url\":\"https:\/\/podo-beauregard.com\/\",\"name\":\"Cabinet de podo orthesie Beauregard\",\"description\":\"bienvenu au cabinet \",\"potentialAction\":[{\"@type\":\"SearchAction\",\"target\":{\"@type\":\"EntryPoint\",\"urlTemplate\":\"https:\/\/podo-beauregard.com\/?s={search_term_string}\"},\"query-input\":\"required name=search_term_string\"}],\"inLanguage\":\"fr-FR\"}]}<\/script>\n<!-- \/ Yoast SEO plugin. -->","yoast_head_json":{"title":"Qui sommes nous ? - Cabinet de podo orthesie Beauregard","robots":{"index":"index","follow":"follow","max-snippet":"max-snippet:-1","max-image-preview":"max-image-preview:large","max-video-preview":"max-video-preview:-1"},"canonical":"https:\/\/podo-beauregard.com\/index.php\/qui-sommes-nous\/","og_locale":"fr_FR","og_type":"article","og_title":"Qui sommes nous ? - Cabinet de podo orthesie Beauregard","og_description":"[et_pb_section fb_built=\u00a0\u00bb1&Prime; module_id=\u00a0\u00bbpropos\u00a0\u00bb _builder_version=\u00a0\u00bb4.3.1&Prime; custom_margin=\u00a0\u00bb-4px|||||\u00a0\u00bb custom_padding=\u00a0\u00bb20px|||||\u00a0\u00bb][et_pb_row _builder_version=\u00a0\u00bb4.3.1&Prime;][et_pb_column type=\u00a0\u00bb4_4&Prime; _builder_version=\u00a0\u00bb4.3.1&Prime;][et_pb_text _builder_version=\u00a0\u00bb4.3.1&Prime;] \u2022 Qui sommes-nous ? \u2022 [\/et_pb_text][\/et_pb_column][\/et_pb_row][et_pb_row _builder_version=\u00a0\u00bb4.3.1&Prime; custom_padding=\u00a0\u00bb2px||5px|||\u00a0\u00bb][et_pb_column type=\u00a0\u00bb4_4&Prime; _builder_version=\u00a0\u00bb4.3.1&Prime;][et_pb_text _builder_version=\u00a0\u00bb4.3.1&Prime; custom_margin=\u00a0\u00bb13px|||||\u00a0\u00bb] L\u2019\u00e9quipe est compos\u00e9e de : [\/et_pb_text][\/et_pb_column][\/et_pb_row][et_pb_row column_structure=\u00a0\u00bb1_3,1_3,1_3&Prime; _builder_version=\u00a0\u00bb4.3.1&Prime;][et_pb_column type=\u00a0\u00bb1_3&Prime; _builder_version=\u00a0\u00bb4.3.1&Prime;][et_pb_image src=\u00a0\u00bbhttps:\/\/podo-beauregard.com\/wp-content\/uploads\/2020\/10\/xavier1.jpg\u00a0\u00bb _builder_version=\u00a0\u00bb4.3.1&Prime;][\/et_pb_image][et_pb_text _builder_version=\u00a0\u00bb4.3.1&Prime; custom_margin=\u00a0\u00bb42px|||||\u00a0\u00bb custom_padding=\u00a0\u00bb|||11px|false|false\u00a0\u00bb border_color_right=\u00a0\u00bb#f3d20b\u00a0\u00bb border_width_left=\u00a0\u00bb4px\u00a0\u00bb border_color_left=\u00a0\u00bb#f3d20b\u00a0\u00bb] Xavier ROUYER &#8211; Dipl\u00f4m\u00e9 en Podo-Orth\u00e8se de l\u2019Ecole d\u2019Alembert \u00e0 Paris en 1999\u00a0 \u00a0&#8211;\u00a0 DU [&hellip;]","og_url":"https:\/\/podo-beauregard.com\/index.php\/qui-sommes-nous\/","og_site_name":"Cabinet de podo orthesie Beauregard","article_modified_time":"2024-06-12T16:04:06+00:00","twitter_card":"summary_large_image","twitter_misc":{"Dur\u00e9e de lecture estim\u00e9e":"2 minutes"},"schema":{"@context":"https:\/\/schema.org","@graph":[{"@type":"WebPage","@id":"https:\/\/podo-beauregard.com\/index.php\/qui-sommes-nous\/","url":"https:\/\/podo-beauregard.com\/index.php\/qui-sommes-nous\/","name":"Qui sommes nous ? - Cabinet de podo orthesie Beauregard","isPartOf":{"@id":"https:\/\/podo-beauregard.com\/#website"},"datePublished":"2020-10-08T21:14:23+00:00","dateModified":"2024-06-12T16:04:06+00:00","breadcrumb":{"@id":"https:\/\/podo-beauregard.com\/index.php\/qui-sommes-nous\/#breadcrumb"},"inLanguage":"fr-FR","potentialAction":[{"@type":"ReadAction","target":["https:\/\/podo-beauregard.com\/index.php\/qui-sommes-nous\/"]}]},{"@type":"BreadcrumbList","@id":"https:\/\/podo-beauregard.com\/index.php\/qui-sommes-nous\/#breadcrumb","itemListElement":[{"@type":"ListItem","position":1,"name":"Accueil","item":"https:\/\/podo-beauregard.com\/"},{"@type":"ListItem","position":2,"name":"Qui sommes nous ?"}]},{"@type":"WebSite","@id":"https:\/\/podo-beauregard.com\/#website","url":"https:\/\/podo-beauregard.com\/","name":"Cabinet de podo orthesie Beauregard","description":"bienvenu au cabinet ","potentialAction":[{"@type":"SearchAction","target":{"@type":"EntryPoint","urlTemplate":"https:\/\/podo-beauregard.com\/?s={search_term_string}"},"query-input":"required name=search_term_string"}],"inLanguage":"fr-FR"}]}},"_links":{"self":[{"href":"https:\/\/podo-beauregard.com\/index.php\/wp-json\/wp\/v2\/pages\/132","targetHints":{"allow":["GET"]}}],"collection":[{"href":"https:\/\/podo-beauregard.com\/index.php\/wp-json\/wp\/v2\/pages"}],"about":[{"href":"https:\/\/podo-beauregard.com\/index.php\/wp-json\/wp\/v2\/types\/page"}],"author":[{"embeddable":true,"href":"https:\/\/podo-beauregard.com\/index.php\/wp-json\/wp\/v2\/users\/1"}],"replies":[{"embeddable":true,"href":"https:\/\/podo-beauregard.com\/index.php\/wp-json\/wp\/v2\/comments?post=132"}],"version-history":[{"count":12,"href":"https:\/\/podo-beauregard.com\/index.php\/wp-json\/wp\/v2\/pages\/132\/revisions"}],"predecessor-version":[{"id":415,"href":"https:\/\/podo-beauregard.com\/index.php\/wp-json\/wp\/v2\/pages\/132\/revisions\/415"}],"wp:attachment":[{"href":"https:\/\/podo-beauregard.com\/index.php\/wp-json\/wp\/v2\/media?parent=132"}],"curies":[{"name":"wp","href":"https:\/\/api.w.org\/{rel}","templated":true}]}}